{"id":83,"date":"2013-10-30T06:13:53","date_gmt":"2013-10-30T06:13:53","guid":{"rendered":"http:\/\/vandmassage.fitsystems.dk\/\/?page_id=83"},"modified":"2021-05-13T16:05:57","modified_gmt":"2021-05-13T15:05:57","slug":"hawaii-massage","status":"publish","type":"page","link":"https:\/\/www.vandmassage.dk\/?page_id=83","title":{"rendered":"Hawaii-massage"},"content":{"rendered":"\n<p><strong>Hawaii-massage<\/strong><br>Hawaii-massage er en meget gammel form for massage, som blev brugt for mange \u00e5r siden af de lokale folk p\u00e5 Hawaii. Hawaii-massage l\u00f8sner infiltrationer, bl\u00f8dg\u00f8re muskler, forbedrer kroppens kredsl\u00f8b og giver en helt speciel velv\u00e6re. Hawaii-massage best\u00e5r af lange, bl\u00f8de og rytmisk bev\u00e6gelser, der skaber langvarig ro i krop og sj\u00e6l. Hawaii-massage er anerkendt over det meste af verden af mass\u00f8rer, fysioterapeuter og kiropraktiker som en effektiv behandling af stress-relaterede sygdomme.<\/p>\n\n\n\n<figure class=\"wp-block-gallery columns-1 is-cropped wp-block-gallery-1 is-layout-flex wp-block-gallery-is-layout-flex\"><ul class=\"blocks-gallery-grid\"><li class=\"blocks-gallery-item\"><figure><img loading=\"lazy\" decoding=\"async\" width=\"683\" height=\"1024\" src=\"https:\/\/www.vandmassage.dk\/wp-content\/uploads\/2021\/04\/20210207_151916_01-683x1024.jpg\" alt=\"\" data-id=\"398\" data-full-url=\"https:\/\/www.vandmassage.dk\/wp-content\/uploads\/2021\/04\/20210207_151916_01.jpg\" data-link=\"https:\/\/www.vandmassage.dk\/?attachment_id=398\" class=\"wp-image-398\" srcset=\"https:\/\/www.vandmassage.dk\/wp-content\/uploads\/2021\/04\/20210207_151916_01-683x1024.jpg 683w, https:\/\/www.vandmassage.dk\/wp-content\/uploads\/2021\/04\/20210207_151916_01-200x300.jpg 200w, https:\/\/www.vandmassage.dk\/wp-content\/uploads\/2021\/04\/20210207_151916_01-768x1152.jpg 768w, https:\/\/www.vandmassage.dk\/wp-content\/uploads\/2021\/04\/20210207_151916_01-1024x1536.jpg 1024w, https:\/\/www.vandmassage.dk\/wp-content\/uploads\/2021\/04\/20210207_151916_01.jpg 1200w\" sizes=\"(max-width: 683px) 100vw, 683px\" \/><\/figure><\/li><\/ul><\/figure>\n\n\n\n<figure class=\"wp-block-gallery columns-0 is-cropped wp-block-gallery-2 is-layout-flex wp-block-gallery-is-layout-flex\"><ul class=\"blocks-gallery-grid\"><\/ul><\/figure>\n","protected":false},"excerpt":{"rendered":"<p>Hawaii-massageHawaii-massage er en meget gammel form for massage, som blev brugt for mange \u00e5r siden af de lokale folk p\u00e5 Hawaii. Hawaii-massage l\u00f8sner infiltrationer, bl\u00f8dg\u00f8re muskler, forbedrer kroppens kredsl\u00f8b og giver en helt speciel velv\u00e6re. Hawaii-massage best\u00e5r af lange, bl\u00f8de og rytmisk bev\u00e6gelser, der skaber langvarig ro i krop og sj\u00e6l. Hawaii-massage er anerkendt over [&hellip;]<\/p>\n","protected":false},"author":2,"featured_media":0,"parent":54,"menu_order":0,"comment_status":"closed","ping_status":"closed","template":"","meta":{"footnotes":""},"aioseo_notices":[],"_links":{"self":[{"href":"https:\/\/www.vandmassage.dk\/index.php?rest_route=\/wp\/v2\/pages\/83"}],"collection":[{"href":"https:\/\/www.vandmassage.dk\/index.php?rest_route=\/wp\/v2\/pages"}],"about":[{"href":"https:\/\/www.vandmassage.dk\/index.php?rest_route=\/wp\/v2\/types\/page"}],"author":[{"embeddable":true,"href":"https:\/\/www.vandmassage.dk\/index.php?rest_route=\/wp\/v2\/users\/2"}],"replies":[{"embeddable":true,"href":"https:\/\/www.vandmassage.dk\/index.php?rest_route=%2Fwp%2Fv2%2Fcomments&post=83"}],"version-history":[{"count":9,"href":"https:\/\/www.vandmassage.dk\/index.php?rest_route=\/wp\/v2\/pages\/83\/revisions"}],"predecessor-version":[{"id":430,"href":"https:\/\/www.vandmassage.dk\/index.php?rest_route=\/wp\/v2\/pages\/83\/revisions\/430"}],"up":[{"embeddable":true,"href":"https:\/\/www.vandmassage.dk\/index.php?rest_route=\/wp\/v2\/pages\/54"}],"wp:attachment":[{"href":"https:\/\/www.vandmassage.dk\/index.php?rest_route=%2Fwp%2Fv2%2Fmedia&parent=83"}],"curies":[{"name":"wp","href":"https:\/\/api.w.org\/{rel}","templated":true}]}}