{"id":471,"date":"2025-03-04T22:28:08","date_gmt":"2025-03-04T21:28:08","guid":{"rendered":"https:\/\/www.vandmassage.dk\/?page_id=471"},"modified":"2025-03-18T15:48:28","modified_gmt":"2025-03-18T14:48:28","slug":"handelsbetingelser","status":"publish","type":"page","link":"https:\/\/www.vandmassage.dk\/?page_id=471","title":{"rendered":"Handelsbetingelser"},"content":{"rendered":"\n<p class=\"has-text-align-center\"><strong>HANDELSBETINGELSER FOR WATERMASS<\/strong><\/p>\n\n\n\n<p class=\"has-text-align-center\"><strong>Watermass<br><\/strong>Adresse: Vesterbros torv 53 st.<br>1620 K\u00f8benhavn V<br>TLF: 22510007<br>CVR: 38773623<br>Hjemmeside: Vandmassage.dk<br>E-mail: Idalina@live.dk<\/p>\n\n\n\n<p class=\"has-text-align-center\">L\u00e6s venligst disse vilk\u00e5r og betingelser omhyggeligt, inden du booker nogen tjenester. Ved at booke gennem vores hjemmeside accepterer du at v\u00e6re bundet af disse vilk\u00e5r og betingelser.<\/p>\n\n\n\n<p class=\"has-text-align-center\"><strong>Betaling<br><\/strong>Watermass modtager betaling med Mobilepay, kontant og via online betaling p\u00e5 hjemmesiden.<br>Online betaling er via Mastercard og Visa Dankort. <br>Betalingen skal ske umiddelbart efter afslutningen af behandlingen, medmindre andet er aftalt p\u00e5 forh\u00e5nd.<br><br>Det er muligt at k\u00f8be gavekort p\u00e5 hjemmesiden. Gavekortene er gyldige i 1 \u00e5r.<br>Alle bel\u00f8b p\u00e5 hjemmesiden er momsfrit.<br><br>Denmark \u2013 Kroner (DKK)<br>Watermass benytter en sikker betalingsserver, der krypterer alle oplysninger med SSL-protokol hvilket betyder din data er sikker og ikke kan l\u00e6ses af andre udefrakommende.<br><br><strong>Gavekort<\/strong><br>Det er muligt at k\u00f8be gavekort p\u00e5 hjemmesiden. Betalingen er med Visa og Master card. Gavekortene er gyldige i 1 \u00e5r, efter k\u00f8bsdato. Der er mulighed for fortrydelsesret for gavekortene op til 3 m\u00e5neder efter k\u00f8bsdato. <\/p>\n\n\n\n<p class=\"has-text-align-center\"><br><strong>Kunde- &amp; Privatlivspolitik<\/strong><\/p>\n\n\n\n<p class=\"has-text-align-center\">Watermass behandler dine personoplysninger fortroligt og i overensstemmelse med g\u00e6ldende databeskyttelseslovgivning. Dine oplysninger vil kun blive brugt til at administrere dine behandlinger og vil ikke blive delt med tredjeparter uden dit samtykke.<br><br><strong>Ydelserne omfang og sted<br><\/strong>Watermass s\u00e6lger massagebehandlinger. Tiden for serviceydelsen starter, n\u00e5r du kommer ind ad d\u00f8ren og er inklusiv&nbsp;din omkl\u00e6dning.<br>Behandlinger foreg\u00e5r p\u00e5 Watermass klinik p\u00e5 Vesterbros torv 53 \u2013 K\u00f8benhavn V.<br><\/p>\n\n\n\n<p class=\"has-text-align-center\"><strong>Booking<br><\/strong>Bookingen foreg\u00e5r via hjemmesiden Vandmassage.dk \u2013 det er via bookingsystemet Onlinebooq. Ved booking skal du opgive navn, e-mail og telefonnummer. Du modtager en bekr\u00e6ftelse p\u00e5 e-mail ved booking.<\/p>\n\n\n\n<p class=\"has-text-align-center\"><strong>Afbud<br><\/strong>Hvis kunden ikke kan m\u00f8de op til den planlagte tid, skal kunden kontakte Watermass indenfor 6 timer f\u00f8r behandling. Hvor der derefter fortages en ombooking, ny tid og dato i samarbejde med kunde og Watermass.<\/p>\n\n\n\n<p class=\"has-text-align-center\"><strong>Ret og opdatering af betingelser<br><\/strong>Ved accept af disse handelsbetingelser, accepterer du samtidig at disse handelsbetingelser er g\u00e6ldende for fremtidige k\u00f8b af ydelser gennem Watermass. Watermass har til enhver tid ret til at \u00e6ndre n\u00e6rv\u00e6rende betingelser, hvorefter notifikation vil blive givet til registrerede e-mails i systemet. De g\u00e6ldende betingelser vil altid fremg\u00e5 p\u00e5 Vandmassage.dk.<\/p>\n","protected":false},"excerpt":{"rendered":"<p>HANDELSBETINGELSER FOR WATERMASS WatermassAdresse: Vesterbros torv 53 st.1620 K\u00f8benhavn VTLF: 22510007CVR: 38773623Hjemmeside: Vandmassage.dkE-mail: Idalina@live.dk L\u00e6s venligst disse vilk\u00e5r og betingelser omhyggeligt, inden du booker nogen tjenester. Ved at booke gennem vores hjemmeside accepterer du at v\u00e6re bundet af disse vilk\u00e5r og betingelser. BetalingWatermass modtager betaling med Mobilepay, kontant og via online betaling p\u00e5 hjemmesiden.Online betaling [&hellip;]<\/p>\n","protected":false},"author":2,"featured_media":0,"parent":0,"menu_order":0,"comment_status":"closed","ping_status":"closed","template":"","meta":{"footnotes":""},"aioseo_notices":[],"_links":{"self":[{"href":"https:\/\/www.vandmassage.dk\/index.php?rest_route=\/wp\/v2\/pages\/471"}],"collection":[{"href":"https:\/\/www.vandmassage.dk\/index.php?rest_route=\/wp\/v2\/pages"}],"about":[{"href":"https:\/\/www.vandmassage.dk\/index.php?rest_route=\/wp\/v2\/types\/page"}],"author":[{"embeddable":true,"href":"https:\/\/www.vandmassage.dk\/index.php?rest_route=\/wp\/v2\/users\/2"}],"replies":[{"embeddable":true,"href":"https:\/\/www.vandmassage.dk\/index.php?rest_route=%2Fwp%2Fv2%2Fcomments&post=471"}],"version-history":[{"count":5,"href":"https:\/\/www.vandmassage.dk\/index.php?rest_route=\/wp\/v2\/pages\/471\/revisions"}],"predecessor-version":[{"id":493,"href":"https:\/\/www.vandmassage.dk\/index.php?rest_route=\/wp\/v2\/pages\/471\/revisions\/493"}],"wp:attachment":[{"href":"https:\/\/www.vandmassage.dk\/index.php?rest_route=%2Fwp%2Fv2%2Fmedia&parent=471"}],"curies":[{"name":"wp","href":"https:\/\/api.w.org\/{rel}","templated":true}]}}