{"id":314,"date":"2020-08-29T17:25:43","date_gmt":"2020-08-29T16:25:43","guid":{"rendered":"https:\/\/www.vandmassage.dk\/?page_id=314"},"modified":"2021-05-13T16:04:29","modified_gmt":"2021-05-13T15:04:29","slug":"massage-til-gravide","status":"publish","type":"page","link":"https:\/\/www.vandmassage.dk\/?page_id=314","title":{"rendered":"Massage til gravide"},"content":{"rendered":"\n<p><strong>Massage til gravide<\/strong><br>Under graviditeten kan kroppen uds\u00e6ttes for mange former for graviditets-gener som for eksempel smerter, b\u00e6kkenl\u00f8sning, kramper, s\u00f8vnbesv\u00e6r og \u00f8mheder. Her kan massage hj\u00e6lpe med at lindre disse gener. Water Mass tilbyder vandmassage som er oplagt for gravide kvinder. Her bliver man lagt i et stort badekar, som giver kvinder velv\u00e6re og g\u00f8r dem afslappet. Massagen er meget dybdeg\u00e5ende men smertefri. L\u00e6s eventuelt mere om vandmassage p\u00e5 hjemmesiden.  Det er, imens du er gravid, at du har tid til at pleje dig selv og din krop. <\/p>\n\n\n\n<figure class=\"wp-block-gallery columns-1 is-cropped wp-block-gallery-1 is-layout-flex wp-block-gallery-is-layout-flex\"><ul class=\"blocks-gallery-grid\"><li class=\"blocks-gallery-item\"><figure><img loading=\"lazy\" decoding=\"async\" width=\"851\" height=\"932\" src=\"https:\/\/www.vandmassage.dk\/wp-content\/uploads\/2020\/08\/Cristina-5.jpg\" alt=\"\" data-id=\"322\" data-full-url=\"https:\/\/www.vandmassage.dk\/wp-content\/uploads\/2020\/08\/Cristina-5.jpg\" data-link=\"https:\/\/www.vandmassage.dk\/?attachment_id=322\" class=\"wp-image-322\"\/><\/figure><\/li><\/ul><\/figure>\n","protected":false},"excerpt":{"rendered":"<p>Massage til gravideUnder graviditeten kan kroppen uds\u00e6ttes for mange former for graviditets-gener som for eksempel smerter, b\u00e6kkenl\u00f8sning, kramper, s\u00f8vnbesv\u00e6r og \u00f8mheder. Her kan massage hj\u00e6lpe med at lindre disse gener. Water Mass tilbyder vandmassage som er oplagt for gravide kvinder. Her bliver man lagt i et stort badekar, som giver kvinder velv\u00e6re og g\u00f8r dem [&hellip;]<\/p>\n","protected":false},"author":2,"featured_media":0,"parent":0,"menu_order":0,"comment_status":"closed","ping_status":"closed","template":"","meta":{"footnotes":""},"aioseo_notices":[],"_links":{"self":[{"href":"https:\/\/www.vandmassage.dk\/index.php?rest_route=\/wp\/v2\/pages\/314"}],"collection":[{"href":"https:\/\/www.vandmassage.dk\/index.php?rest_route=\/wp\/v2\/pages"}],"about":[{"href":"https:\/\/www.vandmassage.dk\/index.php?rest_route=\/wp\/v2\/types\/page"}],"author":[{"embeddable":true,"href":"https:\/\/www.vandmassage.dk\/index.php?rest_route=\/wp\/v2\/users\/2"}],"replies":[{"embeddable":true,"href":"https:\/\/www.vandmassage.dk\/index.php?rest_route=%2Fwp%2Fv2%2Fcomments&post=314"}],"version-history":[{"count":3,"href":"https:\/\/www.vandmassage.dk\/index.php?rest_route=\/wp\/v2\/pages\/314\/revisions"}],"predecessor-version":[{"id":428,"href":"https:\/\/www.vandmassage.dk\/index.php?rest_route=\/wp\/v2\/pages\/314\/revisions\/428"}],"wp:attachment":[{"href":"https:\/\/www.vandmassage.dk\/index.php?rest_route=%2Fwp%2Fv2%2Fmedia&parent=314"}],"curies":[{"name":"wp","href":"https:\/\/api.w.org\/{rel}","templated":true}]}}