{"id":225,"date":"2014-12-10T10:18:42","date_gmt":"2014-12-10T10:18:42","guid":{"rendered":"https:\/\/www.vandmassage.dk\/?page_id=225"},"modified":"2014-12-10T10:25:09","modified_gmt":"2014-12-10T10:25:09","slug":"i-form-62001-undervandsmassage","status":"publish","type":"page","link":"https:\/\/www.vandmassage.dk\/?page_id=225","title":{"rendered":"I Form &#8211; 6\/2001 &#8211; Undervandsmassage"},"content":{"rendered":"<p><strong>Undervandsmassage<\/strong><\/p>\n<p>Princippet bag undervandsmassage stammer fra bl.a. Rum\u00e6nien og Bulgarien. Her benyttede folk sig for. flere tusinde \u00e5r siden af, at vand under stort tryk kom susende ud af undergrunden, og brugte str\u00e5len som mass\u00f8r. Du kender det ogs\u00e5, hvis du har en bruseniche med jet-dyser i v\u00e6ggen eller et brusehoved med massage-effekt. Men det er ikke det samme, for ved undervandsmassagen ligger du v\u00e6gtl\u00f8st i det varme vand og lader musklerne bl\u00f8de op, og s\u00e5 g\u00e5r mass\u00f8ren i gang med en vandslange. Vandet dr\u00f8ner ud med op til syv atmosf\u00e6rers tryk, og hele kroppen f\u00e5r en omgang &#8211; under vandet. P\u00e5 den m\u00e5de f\u00e5r man en blid, men alligevel dyb massage. Selve undervandsmassagen tager en halv times tid. Den kan sagtens bruges, som den er, is\u00e6r hvis man er meget \u00f8mskindet eller skadet. Men totaloplevelsen kommer ved den efterf\u00f8lgende kropsmassage. Man g\u00e5r fra massagen med en fornemmelse af lethed i kroppen, som om al tr\u00e6theden er vasket ud i de omkring 700 liter badevand, man har ligget i.<\/p>\n<p><strong>VIRKER FORDI:<\/strong> massagen stimulerer v\u00e6v, blodoml\u00f8b, kredsl\u00f8b &#8211; hele kroppen p\u00e5virkes, og det giver energi. Blodet ruller, og det prikker under huden. If\u00f8lge mass\u00f8ren virker metoden opstrammende, udrensende og hj\u00e6lper med at fjerne appelsinhud.<\/p>\n<p><strong>F\u00d8LES:<\/strong> meget sk\u00f8n med den efterf\u00f8lgende kropsmassage. Skuldrene falder ned, og den tr\u00e6thed, der n\u00e6rmest sidder helt inde i knoglerne, forsvinder. En virkelig fysisk massage.<\/p>\n<p><strong>GODT FOR:<\/strong> alle, der har fx computerskuldre, overtr\u00e6nede muskler eller tr\u00e6tte l\u00f8be-ben. Gravide kan have stor gl\u00e6de af at flyde v\u00e6gtl\u00f8st i det varme vand, mens en dybtg\u00e5ende vandstr\u00e5le masserer l\u00e6nden. Undervandsmassage er ogs\u00e5 god til efterbehandling af fx forstuvninger eller brud.<\/p>\n<p><strong>P\u00c5KL\u00c6DNING:<\/strong> Badet\u00f8j, hvis du er meget genert.<\/p>\n<p><strong>TID:<\/strong> Ca. fem kvarter.<\/p>\n<p><strong>PRIS:<\/strong> 400 kr. for undervands- og kropsmassage<\/p>\n<p><strong>BEM\u00c6RKNINGER:<\/strong> Denne form for undervandsmassage kan man lige nu kun f\u00e5 i K\u00f8benhavn, men den kan f\u00e5s p\u00e5 nogle kursteder rundt omkring i Europa, og mass\u00f8rer og fysioterapeuter i bl.a. Tyskland giver undervandsmassage \u2026<\/p>\n","protected":false},"excerpt":{"rendered":"<p>Undervandsmassage Princippet bag undervandsmassage stammer fra bl.a. Rum\u00e6nien og Bulgarien. Her benyttede folk sig for. flere tusinde \u00e5r siden af, at vand under stort tryk kom susende ud af undergrunden, og brugte str\u00e5len som mass\u00f8r. Du kender det ogs\u00e5, hvis du har en bruseniche med jet-dyser i v\u00e6ggen eller et brusehoved med massage-effekt. Men det [&hellip;]<\/p>\n","protected":false},"author":2,"featured_media":0,"parent":97,"menu_order":0,"comment_status":"closed","ping_status":"closed","template":"","meta":{"footnotes":""},"aioseo_notices":[],"_links":{"self":[{"href":"https:\/\/www.vandmassage.dk\/index.php?rest_route=\/wp\/v2\/pages\/225"}],"collection":[{"href":"https:\/\/www.vandmassage.dk\/index.php?rest_route=\/wp\/v2\/pages"}],"about":[{"href":"https:\/\/www.vandmassage.dk\/index.php?rest_route=\/wp\/v2\/types\/page"}],"author":[{"embeddable":true,"href":"https:\/\/www.vandmassage.dk\/index.php?rest_route=\/wp\/v2\/users\/2"}],"replies":[{"embeddable":true,"href":"https:\/\/www.vandmassage.dk\/index.php?rest_route=%2Fwp%2Fv2%2Fcomments&post=225"}],"version-history":[{"count":1,"href":"https:\/\/www.vandmassage.dk\/index.php?rest_route=\/wp\/v2\/pages\/225\/revisions"}],"predecessor-version":[{"id":226,"href":"https:\/\/www.vandmassage.dk\/index.php?rest_route=\/wp\/v2\/pages\/225\/revisions\/226"}],"up":[{"embeddable":true,"href":"https:\/\/www.vandmassage.dk\/index.php?rest_route=\/wp\/v2\/pages\/97"}],"wp:attachment":[{"href":"https:\/\/www.vandmassage.dk\/index.php?rest_route=%2Fwp%2Fv2%2Fmedia&parent=225"}],"curies":[{"name":"wp","href":"https:\/\/api.w.org\/{rel}","templated":true}]}}