{"id":221,"date":"2014-12-10T10:16:44","date_gmt":"2014-12-10T10:16:44","guid":{"rendered":"https:\/\/www.vandmassage.dk\/?page_id=221"},"modified":"2014-12-10T10:17:08","modified_gmt":"2014-12-10T10:17:08","slug":"aok-2003-vandmassage-i-boblebad","status":"publish","type":"page","link":"https:\/\/www.vandmassage.dk\/?page_id=221","title":{"rendered":"AOK &#8211; 2003 &#8211; Vandmassage i boblebad"},"content":{"rendered":"<table border=\"0\" width=\"100%\" cellspacing=\"1\" cellpadding=\"3\">\n<tbody>\n<tr>\n<td width=\"50%\"><span style=\"font-size: medium;\"><b><i>Vandmassage i boblebad<\/i><\/b><\/span><\/p>\n<p><b>Hvad:<\/b> Vandmassage inklusiv almindelig kropsmassage eller Hawaii-massage.<br \/>\n<b>Hvor:<\/b>Water Mass<br \/>\n<b>Hvor meget:<\/b> Den beskrevne behandling koster 400 kr. for en time og 500 kr. for halvanden time.<b>Hos Water-Mass<\/b> kan du lade kroppe glide ned i et k\u00e6mpe badekar med 700 liter behageligt varmt vand. N\u00e5r du er tilpas afslappet, begynder behandlingen med, at mass\u00f8ren retter vandstr\u00e5ler mod din krop og giver den en dybdeg\u00e5ende, men blid massage.<\/td>\n<td width=\"50%\"><a href=\"https:\/\/www.vandmassage.dk\/wp-content\/uploads\/2014\/12\/aok-vand.jpg\"><img loading=\"lazy\" decoding=\"async\" class=\"alignnone size-thumbnail wp-image-218\" src=\"https:\/\/www.vandmassage.dk\/wp-content\/uploads\/2014\/12\/aok-vand-141x150.jpg\" alt=\"aok-vand\" width=\"141\" height=\"150\" \/><\/a><\/td>\n<\/tr>\n<tr>\n<td colspan=\"2\" width=\"100%\"><b>Str\u00e5lerne tjener til at \u00f8ge blodcirkulationen<\/b>, styrke muskulaturen og n\u00e5 dybere ind i musklerne end almindelige massageteknikker. Er man for genert til at ligge n\u00f8gen i karret, anbefales det at if\u00f8re sig t\u00e6tsiddende badet\u00f8j, da l\u00f8stsiddende besv\u00e6rligg\u00f8r massagen. Efter cirka en halv time afsluttes vandbehandlingen med nogle sekunders iskolde vekselbade p\u00e5 arme og ben, der s\u00e6tter blodcirkulationen i gang, og s\u00e5 g\u00e5r turen mod briksen.<br \/>\n<b>Her tilbydes b\u00e5de almindelig kropsmassage<\/b> og Hawaii-massage (lidt dyrere), der er en gammel form for massage, som best\u00e5r af lange, bl\u00f8de bev\u00e6gelser. Meditationsmusik og stearinlys fuldender oplevelsen, inden kroppen atter skal ud i den kolde virkelighed.<\/td>\n<\/tr>\n<\/tbody>\n<\/table>\n","protected":false},"excerpt":{"rendered":"<p>Vandmassage i boblebad Hvad: Vandmassage inklusiv almindelig kropsmassage eller Hawaii-massage. Hvor:Water Mass Hvor meget: Den beskrevne behandling koster 400 kr. for en time og 500 kr. for halvanden time.Hos Water-Mass kan du lade kroppe glide ned i et k\u00e6mpe badekar med 700 liter behageligt varmt vand. N\u00e5r du er tilpas afslappet, begynder behandlingen med, at [&hellip;]<\/p>\n","protected":false},"author":2,"featured_media":0,"parent":97,"menu_order":0,"comment_status":"closed","ping_status":"open","template":"","meta":{"footnotes":""},"aioseo_notices":[],"_links":{"self":[{"href":"https:\/\/www.vandmassage.dk\/index.php?rest_route=\/wp\/v2\/pages\/221"}],"collection":[{"href":"https:\/\/www.vandmassage.dk\/index.php?rest_route=\/wp\/v2\/pages"}],"about":[{"href":"https:\/\/www.vandmassage.dk\/index.php?rest_route=\/wp\/v2\/types\/page"}],"author":[{"embeddable":true,"href":"https:\/\/www.vandmassage.dk\/index.php?rest_route=\/wp\/v2\/users\/2"}],"replies":[{"embeddable":true,"href":"https:\/\/www.vandmassage.dk\/index.php?rest_route=%2Fwp%2Fv2%2Fcomments&post=221"}],"version-history":[{"count":3,"href":"https:\/\/www.vandmassage.dk\/index.php?rest_route=\/wp\/v2\/pages\/221\/revisions"}],"predecessor-version":[{"id":224,"href":"https:\/\/www.vandmassage.dk\/index.php?rest_route=\/wp\/v2\/pages\/221\/revisions\/224"}],"up":[{"embeddable":true,"href":"https:\/\/www.vandmassage.dk\/index.php?rest_route=\/wp\/v2\/pages\/97"}],"wp:attachment":[{"href":"https:\/\/www.vandmassage.dk\/index.php?rest_route=%2Fwp%2Fv2%2Fmedia&parent=221"}],"curies":[{"name":"wp","href":"https:\/\/api.w.org\/{rel}","templated":true}]}}