{"id":215,"date":"2014-12-10T10:15:02","date_gmt":"2014-12-10T10:15:02","guid":{"rendered":"https:\/\/www.vandmassage.dk\/?page_id=215"},"modified":"2014-12-10T10:15:02","modified_gmt":"2014-12-10T10:15:02","slug":"euroman-oktober-2002-vandmassage","status":"publish","type":"page","link":"https:\/\/www.vandmassage.dk\/?page_id=215","title":{"rendered":"Euroman &#8211; Oktober 2002 &#8211; Vandmassage"},"content":{"rendered":"<table border=\"0\" width=\"100%\" cellspacing=\"1\" cellpadding=\"3\">\n<tbody>\n<tr>\n<td width=\"50%\"><strong>HVOR FOREG\u00c5R DET?<\/strong><br \/>\nI et stort bl\u00e5t badekar med 700 liter saltet, let parfumeret vand, der ligner noget fra Tintin, med st\u00f8ttegreb, trykm\u00e5lere, termometer, slanger og r\u00f8r og en nakkest\u00f8tte i l\u00e6der.<\/p>\n<p><strong>HVOR STAMMER DET FRA?<\/strong><br \/>\nVandmassagen har rod i Bulgarien og Rum\u00e6nien. For 5.000 \u00e5r siden byggede de slidsker til vandet op ad bjergv\u00e6ggene. Slidskerne ledte ind i baderum, hvor vandet pga. det lange fald opn\u00e5ede et h\u00f8jt tryk. Man lod sig ramme af de h\u00e5rde str\u00e5ler og vupti, vand massagen var opfundet.<\/td>\n<td width=\"50%\"><a href=\"https:\/\/www.vandmassage.dk\/wp-content\/uploads\/2014\/12\/euroman-vand.jpg\"><img loading=\"lazy\" decoding=\"async\" class=\"alignnone size-thumbnail wp-image-219\" src=\"https:\/\/www.vandmassage.dk\/wp-content\/uploads\/2014\/12\/euroman-vand-150x150.jpg\" alt=\"euroman-vand\" width=\"150\" height=\"150\" \/><\/a><\/td>\n<\/tr>\n<tr>\n<td colspan=\"2\" width=\"100%\"><strong>HVAD SKER DER?<\/strong><br \/>\nDu f\u00e5r lidt almindelig jacuzzi, mens vandtemperaturen tilpasses dit behov, og s\u00e5 kan den egentlige vandmassage starte. Den gives med en vandstr\u00e5le med h\u00f8jt tryk, der rammer et omr\u00e5de p\u00e5 st\u00f8rrelse med en femkrone og tr\u00e6nger dybt ned i hud og muskler. Det ser sk\u00e6gt ud. Du sv\u00e6ver rundt i vandet, s\u00e5 alle punkter p\u00e5 kroppen kan n\u00e5s med slangespidsen. Str\u00e5len giver en forunderlig fornemmelse, lidt ligesom at stikke h\u00e5nden ud af et bilvindue ved meget h\u00f8j hastighed. Vand massagen slutter af med en iskold bruser p\u00e5 ben og arme, og det prikker lystigt i den f\u00f8lsomme hud. Herefter f\u00e5r du en herlig fuldkrops-massage, mens en ion-kanon bombarderer kroppen med negative ioner (det skulle v\u00e6re godt for kredsl\u00f8bet). Der arbejdes med fingre, knoer, albuer og underarme, s\u00e5 det er en fryd. Mass\u00f8ren g\u00e5r dybt i bagl\u00e5r og l\u00e6gge, hvor der alts\u00e5 ligger &#8220;nogle ting&#8221; begravet. Til sidst l\u00f8ftes dit hoved op til en befriend&#8221;e gang nakkemassage &#8211; og s\u00e5 er verden sandelig et godt sted at v\u00e6re.<\/p>\n<p><strong>HVAD ER DET GODT FOR?<\/strong><br \/>\nVandmassagen modvirker kredsl\u00f8bsforstyrrelser, holder bev\u00e6geapparatet smidigt, lindrer ved slidgigt, ledgigt hovedpine, migr\u00e6ne og sports- og rygskader.<\/p>\n<p><strong>VURDERING:<\/strong><br \/>\nVandmassage er totalt afstressende, og du kan m\u00e6rke den flere dage efter. Perfekt til en pause fra kontoret eller efter en strabadserende togrejse eller flyvetur,<\/p>\n<p><strong>TIP:<\/strong><br \/>\nVandtrykket kan indstilles til mellem to og syv bar. Bed bare mass\u00f8ren banke den op p\u00e5 minimum seks, n\u00e5r skuldre og ryg skal have en tur. Det er vildt fedt. Og bare rolig godt nok kan vand sk\u00e6re igennem beton, men der snakker vi alts\u00e5 et helt andet tryk end det, den bl\u00e5 maskine kan levere, nemlig 2.500 bar<\/p>\n<p><em>Pr\u00f8vet hos Vandrnassage, Vesterbros Torv 53, K\u00f8benhavn. Tlf. 22 51 00 07: Pris: 650 kr. for 1 1\/2 time.<\/em><\/td>\n<\/tr>\n<\/tbody>\n<\/table>\n","protected":false},"excerpt":{"rendered":"<p>HVOR FOREG\u00c5R DET? I et stort bl\u00e5t badekar med 700 liter saltet, let parfumeret vand, der ligner noget fra Tintin, med st\u00f8ttegreb, trykm\u00e5lere, termometer, slanger og r\u00f8r og en nakkest\u00f8tte i l\u00e6der. HVOR STAMMER DET FRA? Vandmassagen har rod i Bulgarien og Rum\u00e6nien. For 5.000 \u00e5r siden byggede de slidsker til vandet op ad bjergv\u00e6ggene. [&hellip;]<\/p>\n","protected":false},"author":2,"featured_media":0,"parent":97,"menu_order":0,"comment_status":"closed","ping_status":"open","template":"","meta":{"footnotes":""},"aioseo_notices":[],"_links":{"self":[{"href":"https:\/\/www.vandmassage.dk\/index.php?rest_route=\/wp\/v2\/pages\/215"}],"collection":[{"href":"https:\/\/www.vandmassage.dk\/index.php?rest_route=\/wp\/v2\/pages"}],"about":[{"href":"https:\/\/www.vandmassage.dk\/index.php?rest_route=\/wp\/v2\/types\/page"}],"author":[{"embeddable":true,"href":"https:\/\/www.vandmassage.dk\/index.php?rest_route=\/wp\/v2\/users\/2"}],"replies":[{"embeddable":true,"href":"https:\/\/www.vandmassage.dk\/index.php?rest_route=%2Fwp%2Fv2%2Fcomments&post=215"}],"version-history":[{"count":1,"href":"https:\/\/www.vandmassage.dk\/index.php?rest_route=\/wp\/v2\/pages\/215\/revisions"}],"predecessor-version":[{"id":220,"href":"https:\/\/www.vandmassage.dk\/index.php?rest_route=\/wp\/v2\/pages\/215\/revisions\/220"}],"up":[{"embeddable":true,"href":"https:\/\/www.vandmassage.dk\/index.php?rest_route=\/wp\/v2\/pages\/97"}],"wp:attachment":[{"href":"https:\/\/www.vandmassage.dk\/index.php?rest_route=%2Fwp%2Fv2%2Fmedia&parent=215"}],"curies":[{"name":"wp","href":"https:\/\/api.w.org\/{rel}","templated":true}]}}